{"id":40058,"date":"2026-05-10T12:27:45","date_gmt":"2026-05-10T11:27:45","guid":{"rendered":"https:\/\/ar-onlinemastering.com\/?page_id=40058"},"modified":"2026-05-10T12:27:45","modified_gmt":"2026-05-10T11:27:45","slug":"edm-mastering","status":"publish","type":"page","link":"https:\/\/ar-onlinemastering.com\/es\/servicios\/edm-mastering\/","title":{"rendered":"EDM Mastering"},"content":{"rendered":"","protected":false},"excerpt":{"rendered":"","protected":false},"author":3,"featured_media":0,"parent":2014,"menu_order":0,"comment_status":"closed","ping_status":"closed","template":"","meta":{"_acf_changed":false,"footnotes":""},"class_list":["post-40058","page","type-page","status-publish","hentry"],"acf":[],"yoast_head":"<!-- This site is optimized with the Yoast SEO plugin v27.2 - https:\/\/yoast.com\/product\/yoast-seo-wordpress\/ -->\n<title>Mastering EDM Profesional | Online Mastering<\/title>\n<meta name=\"description\" content=\"Mastering EDM profesional para techno, house, trance y m\u00fasica electr\u00f3nica. Masters c\u00e1lidos y potentes para streaming, clubs y festivales. Online mastering desde 49 \u20ac.\" \/>\n<meta name=\"robots\" content=\"index, follow, max-snippet:-1, max-image-preview:large, max-video-preview:-1\" \/>\n<link rel=\"canonical\" href=\"https:\/\/ar-onlinemastering.com\/es\/servicios\/edm-mastering\/\" \/>\n<meta property=\"og:locale\" content=\"es_ES\" \/>\n<meta property=\"og:type\" content=\"article\" \/>\n<meta property=\"og:title\" content=\"Mastering EDM Profesional | Online Mastering\" \/>\n<meta property=\"og:description\" content=\"Mastering EDM profesional para techno, house, trance y m\u00fasica electr\u00f3nica. Masters c\u00e1lidos y potentes para streaming, clubs y festivales. Online mastering desde 49 \u20ac.\" \/>\n<meta property=\"og:url\" content=\"https:\/\/ar-onlinemastering.com\/es\/servicios\/edm-mastering\/\" \/>\n<meta property=\"og:site_name\" content=\"Digital Mastering\" \/>\n<meta property=\"og:image\" content=\"https:\/\/ar-onlinemastering.com\/wp-content\/uploads\/2016\/12\/MAstering-transfer-console-1280x500-9Mat-hand-wider.jpg\" \/>\n\t<meta property=\"og:image:width\" content=\"1280\" \/>\n\t<meta property=\"og:image:height\" content=\"500\" \/>\n\t<meta property=\"og:image:type\" content=\"image\/jpeg\" \/>\n<script type=\"application\/ld+json\" class=\"yoast-schema-graph\">{\"@context\":\"https:\/\/schema.org\",\"@graph\":[{\"@type\":\"WebPage\",\"@id\":\"https:\/\/ar-onlinemastering.com\/es\/servicios\/edm-mastering\/\",\"url\":\"https:\/\/ar-onlinemastering.com\/es\/servicios\/edm-mastering\/\",\"name\":\"Mastering EDM Profesional | Online Mastering\",\"isPartOf\":{\"@id\":\"https:\/\/ar-onlinemastering.com\/es\/#website\"},\"datePublished\":\"2026-05-10T11:27:45+00:00\",\"description\":\"Mastering EDM profesional para techno, house, trance y m\u00fasica electr\u00f3nica. Masters c\u00e1lidos y potentes para streaming, clubs y festivales. Online mastering desde 49 \u20ac.\",\"breadcrumb\":{\"@id\":\"https:\/\/ar-onlinemastering.com\/es\/servicios\/edm-mastering\/#breadcrumb\"},\"inLanguage\":\"es\",\"potentialAction\":[{\"@type\":\"ReadAction\",\"target\":[\"https:\/\/ar-onlinemastering.com\/es\/servicios\/edm-mastering\/\"]}]},{\"@type\":\"BreadcrumbList\",\"@id\":\"https:\/\/ar-onlinemastering.com\/es\/servicios\/edm-mastering\/#breadcrumb\",\"itemListElement\":[{\"@type\":\"ListItem\",\"position\":1,\"name\":\"Home\",\"item\":\"https:\/\/ar-onlinemastering.com\/es\/\"},{\"@type\":\"ListItem\",\"position\":2,\"name\":\"Servicios\",\"item\":\"https:\/\/ar-onlinemastering.com\/es\/servicios\/\"},{\"@type\":\"ListItem\",\"position\":3,\"name\":\"EDM Mastering\"}]},{\"@type\":\"WebSite\",\"@id\":\"https:\/\/ar-onlinemastering.com\/es\/#website\",\"url\":\"https:\/\/ar-onlinemastering.com\/es\/\",\"name\":\"Digital Mastering\",\"description\":\"\",\"potentialAction\":[{\"@type\":\"SearchAction\",\"target\":{\"@type\":\"EntryPoint\",\"urlTemplate\":\"https:\/\/ar-onlinemastering.com\/es\/?s={search_term_string}\"},\"query-input\":{\"@type\":\"PropertyValueSpecification\",\"valueRequired\":true,\"valueName\":\"search_term_string\"}}],\"inLanguage\":\"es\"}]}<\/script>\n<!-- \/ Yoast SEO plugin. -->","yoast_head_json":{"title":"Mastering EDM Profesional | Online Mastering","description":"Mastering EDM profesional para techno, house, trance y m\u00fasica electr\u00f3nica. Masters c\u00e1lidos y potentes para streaming, clubs y festivales. Online mastering desde 49 \u20ac.","robots":{"index":"index","follow":"follow","max-snippet":"max-snippet:-1","max-image-preview":"max-image-preview:large","max-video-preview":"max-video-preview:-1"},"canonical":"https:\/\/ar-onlinemastering.com\/es\/servicios\/edm-mastering\/","og_locale":"es_ES","og_type":"article","og_title":"Mastering EDM Profesional | Online Mastering","og_description":"Mastering EDM profesional para techno, house, trance y m\u00fasica electr\u00f3nica. Masters c\u00e1lidos y potentes para streaming, clubs y festivales. Online mastering desde 49 \u20ac.","og_url":"https:\/\/ar-onlinemastering.com\/es\/servicios\/edm-mastering\/","og_site_name":"Digital Mastering","og_image":[{"width":1280,"height":500,"url":"https:\/\/ar-onlinemastering.com\/wp-content\/uploads\/2016\/12\/MAstering-transfer-console-1280x500-9Mat-hand-wider.jpg","type":"image\/jpeg"}],"schema":{"@context":"https:\/\/schema.org","@graph":[{"@type":"WebPage","@id":"https:\/\/ar-onlinemastering.com\/es\/servicios\/edm-mastering\/","url":"https:\/\/ar-onlinemastering.com\/es\/servicios\/edm-mastering\/","name":"Mastering EDM Profesional | Online Mastering","isPartOf":{"@id":"https:\/\/ar-onlinemastering.com\/es\/#website"},"datePublished":"2026-05-10T11:27:45+00:00","description":"Mastering EDM profesional para techno, house, trance y m\u00fasica electr\u00f3nica. Masters c\u00e1lidos y potentes para streaming, clubs y festivales. Online mastering desde 49 \u20ac.","breadcrumb":{"@id":"https:\/\/ar-onlinemastering.com\/es\/servicios\/edm-mastering\/#breadcrumb"},"inLanguage":"es","potentialAction":[{"@type":"ReadAction","target":["https:\/\/ar-onlinemastering.com\/es\/servicios\/edm-mastering\/"]}]},{"@type":"BreadcrumbList","@id":"https:\/\/ar-onlinemastering.com\/es\/servicios\/edm-mastering\/#breadcrumb","itemListElement":[{"@type":"ListItem","position":1,"name":"Home","item":"https:\/\/ar-onlinemastering.com\/es\/"},{"@type":"ListItem","position":2,"name":"Servicios","item":"https:\/\/ar-onlinemastering.com\/es\/servicios\/"},{"@type":"ListItem","position":3,"name":"EDM Mastering"}]},{"@type":"WebSite","@id":"https:\/\/ar-onlinemastering.com\/es\/#website","url":"https:\/\/ar-onlinemastering.com\/es\/","name":"Digital Mastering","description":"","potentialAction":[{"@type":"SearchAction","target":{"@type":"EntryPoint","urlTemplate":"https:\/\/ar-onlinemastering.com\/es\/?s={search_term_string}"},"query-input":{"@type":"PropertyValueSpecification","valueRequired":true,"valueName":"search_term_string"}}],"inLanguage":"es"}]}},"_links":{"self":[{"href":"https:\/\/ar-onlinemastering.com\/es\/wp-json\/wp\/v2\/pages\/40058","targetHints":{"allow":["GET"]}}],"collection":[{"href":"https:\/\/ar-onlinemastering.com\/es\/wp-json\/wp\/v2\/pages"}],"about":[{"href":"https:\/\/ar-onlinemastering.com\/es\/wp-json\/wp\/v2\/types\/page"}],"author":[{"embeddable":true,"href":"https:\/\/ar-onlinemastering.com\/es\/wp-json\/wp\/v2\/users\/3"}],"replies":[{"embeddable":true,"href":"https:\/\/ar-onlinemastering.com\/es\/wp-json\/wp\/v2\/comments?post=40058"}],"version-history":[{"count":2,"href":"https:\/\/ar-onlinemastering.com\/es\/wp-json\/wp\/v2\/pages\/40058\/revisions"}],"predecessor-version":[{"id":40123,"href":"https:\/\/ar-onlinemastering.com\/es\/wp-json\/wp\/v2\/pages\/40058\/revisions\/40123"}],"up":[{"embeddable":true,"href":"https:\/\/ar-onlinemastering.com\/es\/wp-json\/wp\/v2\/pages\/2014"}],"wp:attachment":[{"href":"https:\/\/ar-onlinemastering.com\/es\/wp-json\/wp\/v2\/media?parent=40058"}],"curies":[{"name":"wp","href":"https:\/\/api.w.org\/{rel}","templated":true}]}}